{"id":923,"date":"2021-09-26T13:07:48","date_gmt":"2021-09-26T12:07:48","guid":{"rendered":"https:\/\/cap-confluent.com\/?page_id=923"},"modified":"2026-02-02T19:03:46","modified_gmt":"2026-02-02T18:03:46","slug":"mentions-legales","status":"publish","type":"page","link":"https:\/\/cap-confluent.com\/en\/mentions-legales\/","title":{"rendered":"Mentions l\u00e9gales"},"content":{"rendered":"[et_pb_section fb_built=\u00a0\u00bb1&Prime; _builder_version=\u00a0\u00bb3.22&Prime; global_colors_info=\u00a0\u00bb{}\u00a0\u00bb][et_pb_row _builder_version=\u00a0\u00bb4.7.6&Prime; _module_preset=\u00a0\u00bbdefault\u00a0\u00bb global_colors_info=\u00a0\u00bb{}\u00a0\u00bb][et_pb_column type=\u00a0\u00bb4_4&Prime; _builder_version=\u00a0\u00bb4.7.6&Prime; _module_preset=\u00a0\u00bbdefault\u00a0\u00bb global_colors_info=\u00a0\u00bb{}\u00a0\u00bb][et_pb_text _builder_version=\u00a0\u00bb4.7.6&Prime; _module_preset=\u00a0\u00bbdefault\u00a0\u00bb header_font=\u00a0\u00bbOswald|||on|||||\u00a0\u00bb header_text_color=\u00a0\u00bb#113158&Prime; header_font_size=\u00a0\u00bb60px\u00a0\u00bb global_colors_info=\u00a0\u00bb{}\u00a0\u00bb]<h1 style=\"text-align: center;\"><strong>Mentions l\u00e9gales<\/strong><\/h1>[\/et_pb_text][\/et_pb_column][\/et_pb_row][et_pb_row _builder_version=\u00a0\u00bb4.7.6&Prime; _module_preset=\u00a0\u00bbdefault\u00a0\u00bb global_colors_info=\u00a0\u00bb{}\u00a0\u00bb][et_pb_column type=\u00a0\u00bb4_4&Prime; _builder_version=\u00a0\u00bb4.7.6&Prime; _module_preset=\u00a0\u00bbdefault\u00a0\u00bb global_colors_info=\u00a0\u00bb{}\u00a0\u00bb][et_pb_text _builder_version=\u00a0\u00bb4.13.1&Prime; _module_preset=\u00a0\u00bbdefault\u00a0\u00bb global_colors_info=\u00a0\u00bb{}\u00a0\u00bb]<p><strong>CAP CONFLUENT<\/strong><\/p>\n<p>Siret 78968623500019<br \/>Immatriculation au registre du commerce 789 686 235 RCS LYON en date du 13.12.12<br \/>Si\u00e8ge social : 320 av Berthelot 69008 Lyon<br \/>Capital 6000\u20ac<br \/>TVA FR 72 789 686 235<br \/>0660378815<br \/><a href=\"\/en\/&\/#x6d;&#x61;&#105;&#108;t&#x6f;&#x3a;&#x69;&#110;&#102;o&#x40;&#x63;&#x61;&#112;&#45;c&#x6f;&#x6e;&#x66;&#108;&#117;e&#x6e;&#x74;&#x2e;&#99;om\" target=\"_blank\" rel=\"noopener noreferrer\">in&#102;&#111;&#64;&#99;&#x61;&#x70;&#x2d;&#x63;&#x6f;nf&#108;&#117;&#101;&#110;&#x74;&#x2e;&#x63;&#x6f;&#x6d;<\/a><span> <\/span><\/p>\n<p><em>Site internet d\u00e9di\u00e9 au service de location de bateaux.<\/em><\/p>\n<p><strong>H\u00c9BERGEMENT<\/strong><strong><\/strong><\/p>\n<p>OVH<br \/>2\u00a0rue Kellermann<br \/>59100 Roubaix<\/p>\n<p><strong>RGPD :<\/strong><\/p>\n<p><span>Les informations recueillies vous concernant font l\u2019objet d\u2019un traitement destin\u00e9 \u00e0 :<\/span><span>\u00a0Cap Confluent<\/span><\/p>\n<p><span>Pour la finalit\u00e9 suivante : Demande de contact ou devis<\/span><\/p>\n<p><span>Les destinataires de ces donn\u00e9es sont uniquement la soci\u00e9t\u00e9 Cap Confluent.<\/span><br \/><span><\/span><\/p>\n<p><span>La dur\u00e9e de conservation des donn\u00e9es est de 1an.<\/span><\/p>\n<p><span>Vous b\u00e9n\u00e9ficiez d\u2019un droit d\u2019acc\u00e8s, de rectification, de portabilit\u00e9, d\u2019effacement de celles-ci ou une limitation du traitement.<\/span><\/p>\n<p><span>Vous pouvez vous opposer au traitement des donn\u00e9es vous concernant et disposez du droit de retirer votre consentement \u00e0 tout moment en vous adressant \u00e0 :\u00a0<a href=\"\/en\/&\/#109;&#x61;&#x69;&#108;&#x74;&#x6f;:&#x69;&#x6e;f&#111;&#x40;c&#97;&#x70;-&#99;&#x6f;n&#102;&#x6c;u&#101;&#x6e;&#x74;&#46;&#x63;&#x6f;&#109;\" target=\"_blank\" rel=\"noopener noreferrer\">&#x69;&#110;f&#x6f;&#64;c&#x61;&#112;-&#x63;&#111;n&#x66;&#108;u&#x65;&#110;t&#x2e;&#99;o&#x6d;<\/a><\/span><br \/><span><\/span><\/p>\n<p><span>Vous avez la possibilit\u00e9 d\u2019introduire une r\u00e9clamation aupr\u00e8s d\u2019une autorit\u00e9 de contr\u00f4le.<\/span><\/p>\n<p><strong>M\u00c9DIATION DE LA CONSOMMATION<\/strong><\/p>\n<p><span>Cap Confluent met tout en \u0153uvre afin de vous satisfaire, ainsi nous sommes adh\u00e9rents aupr\u00e8s du CM2C. Le centre de la m\u00e9diation de la consommation de conciliateurs de justice.<\/span><\/p>\n<p>Pour les contacter rendez-vous sur :\u00a0<a href=\"https:\/\/cm2c.net\/\" rel=\"noopener noreferrer\" target=\"_blank\" data-saferedirecturl=\"https:\/\/www.google.com\/url?q=https:\/\/cm2c.net&amp;source=gmail&amp;ust=1637088379360000&amp;usg=AOvVaw3BDRt5GZTqGmYyqyZmZXED\">https:\/\/cm2c.net<\/a><\/p>[\/et_pb_text][\/et_pb_column][\/et_pb_row][\/et_pb_section]","protected":false},"excerpt":{"rendered":"<p>Mentions l\u00e9galesCAP CONFLUENT Siret 78968623500019Immatriculation au registre du commerce 789 686 235 RCS LYON en date du 13.12.12Si\u00e8ge social : 320 av Berthelot 69008 LyonCapital 6000\u20acTVA FR 72 789 686 &#50;&#x33;5&#48;&#x36;6&#48;&#x33;7&#56;&#x38;1&#53;&#x69;&#110;&#x66;&#x6f;&#64;&#x63;&#x61;&#112;&#x2d;c&#111;&#x6e;f&#108;&#x75;e&#110;&#x74;&#46;&#99;&#x6f;&#109; Site internet d\u00e9di\u00e9 au service de location de bateaux. H\u00c9BERGEMENT OVH2\u00a0rue Kellermann59100 Roubaix RGPD : Les informations recueillies vous concernant font l\u2019objet d\u2019un traitement [&hellip;]<\/p>","protected":false},"author":1,"featured_media":0,"parent":0,"menu_order":0,"comment_status":"closed","ping_status":"closed","template":"","meta":{"_et_pb_use_builder":"on","_et_pb_old_content":"","_et_gb_content_width":"","inline_featured_image":false,"footnotes":""},"class_list":["post-923","page","type-page","status-publish","hentry"],"_links":{"self":[{"href":"https:\/\/cap-confluent.com\/en\/wp-json\/wp\/v2\/pages\/923","targetHints":{"allow":["GET"]}}],"collection":[{"href":"https:\/\/cap-confluent.com\/en\/wp-json\/wp\/v2\/pages"}],"about":[{"href":"https:\/\/cap-confluent.com\/en\/wp-json\/wp\/v2\/types\/page"}],"author":[{"embeddable":true,"href":"https:\/\/cap-confluent.com\/en\/wp-json\/wp\/v2\/users\/1"}],"replies":[{"embeddable":true,"href":"https:\/\/cap-confluent.com\/en\/wp-json\/wp\/v2\/comments?post=923"}],"version-history":[{"count":5,"href":"https:\/\/cap-confluent.com\/en\/wp-json\/wp\/v2\/pages\/923\/revisions"}],"predecessor-version":[{"id":1206,"href":"https:\/\/cap-confluent.com\/en\/wp-json\/wp\/v2\/pages\/923\/revisions\/1206"}],"wp:attachment":[{"href":"https:\/\/cap-confluent.com\/en\/wp-json\/wp\/v2\/media?parent=923"}],"curies":[{"name":"wp","href":"https:\/\/api.w.org\/{rel}","templated":true}]}}