{"id":9,"date":"2012-12-20T16:24:49","date_gmt":"2012-12-20T15:24:49","guid":{"rendered":"http:\/\/cap-confluent.com\/?page_id=9"},"modified":"2026-02-02T18:58:24","modified_gmt":"2026-02-02T17:58:24","slug":"les-bateaux","status":"publish","type":"page","link":"https:\/\/cap-confluent.com\/en\/les-bateaux\/","title":{"rendered":"Les Bateaux"},"content":{"rendered":"[et_pb_section fb_built=\u00a0\u00bb1&Prime; _builder_version=\u00a0\u00bb3.22&Prime; global_colors_info=\u00a0\u00bb{}\u00a0\u00bb][et_pb_row _builder_version=\u00a0\u00bb4.7.6&Prime; _module_preset=\u00a0\u00bbdefault\u00a0\u00bb global_colors_info=\u00a0\u00bb{}\u00a0\u00bb][et_pb_column type=\u00a0\u00bb4_4&Prime; _builder_version=\u00a0\u00bb4.7.6&Prime; _module_preset=\u00a0\u00bbdefault\u00a0\u00bb global_colors_info=\u00a0\u00bb{}\u00a0\u00bb][et_pb_text _builder_version=\u00a0\u00bb4.7.6&Prime; _module_preset=\u00a0\u00bbdefault\u00a0\u00bb header_font=\u00a0\u00bbOswald|||on|||||\u00a0\u00bb header_text_color=\u00a0\u00bb#113158&Prime; header_font_size=\u00a0\u00bb60px\u00a0\u00bb global_colors_info=\u00a0\u00bb{}\u00a0\u00bb]<h1 style=\"text-align: center;\"><strong>Our license-free boats\u00a0<\/strong><\/h1>[\/et_pb_text][\/et_pb_column][\/et_pb_row][et_pb_row column_structure=\u00a0\u00bb1_2,1_2&Prime; _builder_version=\u00a0\u00bb4.7.6&Prime; _module_preset=\u00a0\u00bbdefault\u00a0\u00bb global_colors_info=\u00a0\u00bb{}\u00a0\u00bb][et_pb_column type=\u00a0\u00bb1_2&Prime; _builder_version=\u00a0\u00bb4.7.6&Prime; _module_preset=\u00a0\u00bbdefault\u00a0\u00bb global_colors_info=\u00a0\u00bb{}\u00a0\u00bb][et_pb_image src=\u00a0\u00bbhttps:\/\/cap-confluent.com\/wp-content\/uploads\/2026\/02\/cap-confluent-lyon-bateaux-confluence.jpg\u00a0\u00bb alt=\u00a0\u00bbd\u00e9part bateaux CONFLUENCE\u00a0\u00bb title_text=\u00a0\u00bbcap-confluent-lyon-bateaux-confluence\u00a0\u00bb _builder_version=\u00a0\u00bb4.14.7&Prime; _module_preset=\u00a0\u00bbdefault\u00a0\u00bb hover_enabled=\u00a0\u00bb0&Prime; global_colors_info=\u00a0\u00bb{}\u00a0\u00bb sticky_enabled=\u00a0\u00bb0&Prime;][\/et_pb_image][\/et_pb_column][et_pb_column type=\u00a0\u00bb1_2&Prime; _builder_version=\u00a0\u00bb4.7.6&Prime; _module_preset=\u00a0\u00bbdefault\u00a0\u00bb global_colors_info=\u00a0\u00bb{}\u00a0\u00bb][et_pb_text _builder_version=\u00a0\u00bb4.14.7&Prime; _module_preset=\u00a0\u00bbdefault\u00a0\u00bb global_colors_info=\u00a0\u00bb{}\u00a0\u00bb]<p><span>Nous mettons \u00e0 votre disposition 3 types de bateaux sans permis.<\/span><u><\/u><u><\/u><\/p>\n<p>Le whaly 455, ayant une prise en main tr\u00e8s facile et pouvant accueillir 7 personnes \u00e0 bord. Pour les groupes au del\u00e0 de 5 personnes et compos\u00e9s uniquement d\u2019adultes, il est plus confortable d\u2019opter pour le mod\u00e8le Whaly 500 10 places.<u><\/u><u><\/u><\/p>\n<blockquote><p><span>Le Whaly 500 classique\u00a0 et le Whaly500E pour \u00e9lectrique sont nos grands<\/span><br \/><span>mod\u00e8les sans permis. Ils ont une capacit\u00e9 d\u2019accueil de <strong>10 personnes maximum<\/strong>. <\/span><span>Malgr\u00e9 leurs grandes tailles ils sont aussi facile \u00e0 piloter que nos petits <\/span><span>bateaux. Ils sont id\u00e9als pour les groupes d\u2019adultes.<\/span><\/p><\/blockquote>\n<p><span>Gr\u00e2ce \u00e0 leurs gabarits et leurs hauteurs sur l\u2019eau, ces bateaux vous <\/span><span>permettent de <strong>vous balader en toute s\u00e9r\u00e9nit\u00e9<\/strong> y compris avec des enfants \u00e0 <\/span><span>bord. Tous les bateaux sont \u00e9quip\u00e9s d\u2019un taud de soleil pour se prot\u00e9ger en <\/span><span>cas de fortes chaleurs ou de l\u00e9g\u00e8res pluies. Nos bateaux \u00e9lectriques sont<\/span><br \/><span>plus silencieux que les thermiques mais ils sont moins rapides. (aller <\/span><span>retour Confluence \u00eele barbe en 2h en thermique \/ 3h en electrique)<\/span><\/p>\n<p>&nbsp;<\/p>[\/et_pb_text][\/et_pb_column][\/et_pb_row][et_pb_row column_structure=\u00a0\u00bb1_5,3_5,1_5&Prime; _builder_version=\u00a0\u00bb4.7.6&Prime; _module_preset=\u00a0\u00bbdefault\u00a0\u00bb custom_padding=\u00a0\u00bb0px|||||\u00a0\u00bb global_colors_info=\u00a0\u00bb{}\u00a0\u00bb][et_pb_column type=\u00a0\u00bb1_5&Prime; _builder_version=\u00a0\u00bb4.7.6&Prime; _module_preset=\u00a0\u00bbdefault\u00a0\u00bb global_colors_info=\u00a0\u00bb{}\u00a0\u00bb][\/et_pb_column][et_pb_column type=\u00a0\u00bb3_5&Prime; _builder_version=\u00a0\u00bb4.7.6&Prime; _module_preset=\u00a0\u00bbdefault\u00a0\u00bb global_colors_info=\u00a0\u00bb{}\u00a0\u00bb][et_pb_text _builder_version=\u00a0\u00bb4.7.6&Prime; _module_preset=\u00a0\u00bbdefault\u00a0\u00bb global_colors_info=\u00a0\u00bb{}\u00a0\u00bb]<p><span><\/span><\/p>\n<p style=\"text-align: center;\"><em>It is highly recommended to book our licence-free boat online.<\/em><\/p>[\/et_pb_text][et_pb_button button_url=\u00a0\u00bbhttps:\/\/shop.nauticmanager.com\/cap-confluent\u00a0\u00bb button_text=\u00a0\u00bbR\u00e9server\u00a0\u00bb button_alignment=\u00a0\u00bbcenter\u00a0\u00bb _builder_version=\u00a0\u00bb4.14.7&Prime; _module_preset=\u00a0\u00bbdefault\u00a0\u00bb global_colors_info=\u00a0\u00bb{}\u00a0\u00bb][\/et_pb_button][\/et_pb_column][et_pb_column type=\u00a0\u00bb1_5&Prime; _builder_version=\u00a0\u00bb4.7.6&Prime; _module_preset=\u00a0\u00bbdefault\u00a0\u00bb global_colors_info=\u00a0\u00bb{}\u00a0\u00bb][\/et_pb_column][\/et_pb_row][et_pb_row _builder_version=\u00a0\u00bb4.7.6&Prime; _module_preset=\u00a0\u00bbdefault\u00a0\u00bb global_colors_info=\u00a0\u00bb{}\u00a0\u00bb][et_pb_column type=\u00a0\u00bb4_4&Prime; _builder_version=\u00a0\u00bb4.7.6&Prime; _module_preset=\u00a0\u00bbdefault\u00a0\u00bb global_colors_info=\u00a0\u00bb{}\u00a0\u00bb][et_pb_text _builder_version=\u00a0\u00bb4.14.7&Prime; _module_preset=\u00a0\u00bbdefault\u00a0\u00bb header_font=\u00a0\u00bbOswald|||on|||||\u00a0\u00bb header_text_align=\u00a0\u00bbcenter\u00a0\u00bb header_text_color=\u00a0\u00bb#113158&Prime; header_font_size=\u00a0\u00bb60px\u00a0\u00bb global_colors_info=\u00a0\u00bb{}\u00a0\u00bb]<h1 style=\"text-align: center;\">NoS bateauX avec permis fluvial<\/h1>[\/et_pb_text][\/et_pb_column][\/et_pb_row][et_pb_row column_structure=\u00a0\u00bb1_2,1_2&Prime; _builder_version=\u00a0\u00bb4.14.7&Prime; _module_preset=\u00a0\u00bbdefault\u00a0\u00bb global_colors_info=\u00a0\u00bb{}\u00a0\u00bb][et_pb_column type=\u00a0\u00bb1_2&Prime; _builder_version=\u00a0\u00bb4.7.6&Prime; _module_preset=\u00a0\u00bbdefault\u00a0\u00bb global_colors_info=\u00a0\u00bb{}\u00a0\u00bb][et_pb_accordion _builder_version=\u00a0\u00bb4.14.7&Prime; _module_preset=\u00a0\u00bbdefault\u00a0\u00bb text_orientation=\u00a0\u00bbleft\u00a0\u00bb global_colors_info=\u00a0\u00bb{}\u00a0\u00bb][et_pb_accordion_item title=\u00a0\u00bbBayliner V20 \/ 175 CV Suzuki\u00a0\u00bb open=\u00a0\u00bbon\u00a0\u00bb _builder_version=\u00a0\u00bb4.14.7&Prime; _module_preset=\u00a0\u00bbdefault\u00a0\u00bb global_colors_info=\u00a0\u00bb{}\u00a0\u00bb]<p>Puissant spacieux et \u00e9l\u00e9gant, tout confort pour les enfants \u00e0 bord et pour la pratique du ski nautique ou wakebaord.<\/p>\n<ul>\n<li>Nom : St Georges<\/li>\n<li>Taille : 6m23<\/li>\n<li>Moteur : SUZUKI 175CV 4 Temps<\/li>\n<li>Consommation : Entre 10 et 15 litres de l&rsquo;heure<\/li>\n<li>Capacit\u00e9 : 10 personnes<\/li>\n<li>Equipement : Mat de Ski nautique et rack de wakeboard, taud de soleil, port Usb, st\u00e9r\u00e9o bluetooth<\/li>\n<li>Option : possibilit\u00e9 de louer Wakeboard et ski nautique<\/li>\n<li>Skipper : Optez pour la tranquilit\u00e9 et faites une location avec Skipper<\/li>\n<\/ul>[\/et_pb_accordion_item][\/et_pb_accordion][\/et_pb_column][et_pb_column type=\u00a0\u00bb1_2&Prime; _builder_version=\u00a0\u00bb4.7.6&Prime; _module_preset=\u00a0\u00bbdefault\u00a0\u00bb global_colors_info=\u00a0\u00bb{}\u00a0\u00bb][et_pb_text _builder_version=\u00a0\u00bb4.14.7&Prime; _module_preset=\u00a0\u00bbdefault\u00a0\u00bb global_colors_info=\u00a0\u00bb{}\u00a0\u00bb]<p>\u00a0Bayliner Element6 100 CV Mercury<\/p>\n<p>With this model, you be able walk both on the Rh\u00f4ne and on the Sa\u00f4ne<\/p>\n<ul>\n<li>Name: Lyon Presqu\u2019\u00eele<\/li>\n<li>Size: 5m50<\/li>\n<li>Engine: Mercury 100Cv 4 strokes<\/li>\n<li>Fuel consumption: between 8 to 10L per hour<\/li>\n<li>Capacity: 8 people<\/li>\n<li>Equipment: Water Ski and Wakeboard mast, sun awning, usb and cigarette lighter plug, bluetooth\nstereo system.<\/li>\n<li>Wakeboard and Water Ski are also available for rental.<\/li>\n<\/ul>[\/et_pb_text][\/et_pb_column][\/et_pb_row][et_pb_row column_structure=\u00a0\u00bb1_5,3_5,1_5&Prime; _builder_version=\u00a0\u00bb3.25&Prime; background_size=\u00a0\u00bbinitial\u00a0\u00bb background_position=\u00a0\u00bbtop_left\u00a0\u00bb background_repeat=\u00a0\u00bbrepeat\u00a0\u00bb global_colors_info=\u00a0\u00bb{}\u00a0\u00bb][et_pb_column type=\u00a0\u00bb1_5&Prime; _builder_version=\u00a0\u00bb3.25&Prime; custom_padding=\u00a0\u00bb|||\u00a0\u00bb global_colors_info=\u00a0\u00bb{}\u00a0\u00bb custom_padding__hover=\u00a0\u00bb|||\u00a0\u00bb][\/et_pb_column][et_pb_column type=\u00a0\u00bb3_5&Prime; _builder_version=\u00a0\u00bb3.25&Prime; custom_padding=\u00a0\u00bb|||\u00a0\u00bb global_colors_info=\u00a0\u00bb{}\u00a0\u00bb custom_padding__hover=\u00a0\u00bb|||\u00a0\u00bb][et_pb_text _builder_version=\u00a0\u00bb4.7.6&Prime; _module_preset=\u00a0\u00bbdefault\u00a0\u00bb global_colors_info=\u00a0\u00bb{}\u00a0\u00bb]<p style=\"text-align: center;\"><em>To hire our boat with licence, it is required to book in advance, online or by phone.\u00a0<\/em><\/p>\n<p>&nbsp;<\/p>[\/et_pb_text][et_pb_button button_url=\u00a0\u00bbhttps:\/\/shop.nauticmanager.com\/cap-confluent\u00a0\u00bb button_text=\u00a0\u00bbR\u00e9server\u00a0\u00bb button_alignment=\u00a0\u00bbcenter\u00a0\u00bb _builder_version=\u00a0\u00bb4.14.7&Prime; _module_preset=\u00a0\u00bbdefault\u00a0\u00bb global_colors_info=\u00a0\u00bb{}\u00a0\u00bb][\/et_pb_button][\/et_pb_column][et_pb_column type=\u00a0\u00bb1_5&Prime; _builder_version=\u00a0\u00bb3.25&Prime; custom_padding=\u00a0\u00bb|||\u00a0\u00bb global_colors_info=\u00a0\u00bb{}\u00a0\u00bb custom_padding__hover=\u00a0\u00bb|||\u00a0\u00bb][\/et_pb_column][\/et_pb_row][et_pb_row _builder_version=\u00a0\u00bb4.14.7&Prime; _module_preset=\u00a0\u00bbdefault\u00a0\u00bb global_colors_info=\u00a0\u00bb{}\u00a0\u00bb][et_pb_column type=\u00a0\u00bb4_4&Prime; _builder_version=\u00a0\u00bb4.14.7&Prime; _module_preset=\u00a0\u00bbdefault\u00a0\u00bb global_colors_info=\u00a0\u00bb{}\u00a0\u00bb][et_pb_gallery gallery_ids=\u00a0\u00bb1176,1175,1167,1168,1169,1170,1171,1162,1161,1159,1155,1153,1150,1138,1133,1130&Prime; posts_number=\u00a0\u00bb20&Prime; show_title_and_caption=\u00a0\u00bboff\u00a0\u00bb _builder_version=\u00a0\u00bb4.14.7&Prime; _module_preset=\u00a0\u00bbdefault\u00a0\u00bb hover_enabled=\u00a0\u00bb0&Prime; global_colors_info=\u00a0\u00bb{}\u00a0\u00bb sticky_enabled=\u00a0\u00bb0&Prime;][\/et_pb_gallery][\/et_pb_column][\/et_pb_row][\/et_pb_section]","protected":false},"excerpt":{"rendered":"<p>Nos bateaux sans permis\u00a0Nous mettons \u00e0 votre disposition 3 types de bateaux sans permis. Le whaly 455, ayant une prise en main tr\u00e8s facile et pouvant accueillir 7 personnes \u00e0 bord. Pour les groupes au del\u00e0 de 5 personnes et compos\u00e9s uniquement d\u2019adultes, il est plus confortable d\u2019opter pour le mod\u00e8le Whaly 500 10 places. [&hellip;]<\/p>","protected":false},"author":1,"featured_media":0,"parent":0,"menu_order":0,"comment_status":"open","ping_status":"open","template":"","meta":{"_et_pb_use_builder":"on","_et_pb_old_content":"<strong>Nos bateaux sans permis :<\/strong>\n\nNous mettons \u00e0 votre disposition deux types de bateaux sans permis.\n\nLe Cap 400, ayant une prise en main tr\u00e8s facile et pouvant accueillir 7 personnes \u00e0 bord. Pour les groupes au del\u00e0 de 5 personnes et compos\u00e9s uniquement d'adultes, il est&nbsp;plus confortable&nbsp;d'opter pour le mod\u00e8le Cap 4700 10 places.\n\n<a href=\"http:\/\/cap-confluent.com\/wp-content\/uploads\/2012\/12\/bateau-fluviale-saone.jpg\"><img class=\"alignnone size-full wp-image-358\" style=\"width: 348px; height: 224px;\" alt=\"bateau fluvial saone\" src=\"http:\/\/cap-confluent.com\/wp-content\/uploads\/2012\/12\/bateau-fluviale-saone.jpg\" width=\"5091\" height=\"3394\"><\/a>\n\nLe Cap 4700 est le plus grand de nos mod\u00e8les sans permis. Il a une capacit\u00e9 d'accueil de 10 personnes maximum. Malgr\u00e9 sa grande taille il est tout aussi facile de le piloter que le mod\u00e8le plus petit. Il est le bateau id\u00e9al pour les groupes d'adultes.\n\n<a href=\"http:\/\/cap-confluent.com\/wp-content\/uploads\/2012\/12\/1.jpg\"><img class=\"alignnone  wp-image-392\" alt=\"1\" src=\"http:\/\/cap-confluent.com\/wp-content\/uploads\/2012\/12\/1.jpg\" width=\"312\" height=\"216\"><\/a><a href=\"http:\/\/cap-confluent.com\/wp-content\/uploads\/2012\/12\/51.jpg\"><img class=\"alignnone  wp-image-393\" alt=\"5\" src=\"http:\/\/cap-confluent.com\/wp-content\/uploads\/2012\/12\/51.jpg\" width=\"316\" height=\"216\"><\/a>\n\nGr\u00e2ce \u00e0 leurs gabarits et leurs hauteurs sur l\u2019eau, ces bateaux vous permettent de <strong>vous balader en toute s\u00e9r\u00e9nit\u00e9<\/strong> y compris avec des enfants \u00e0 bord. Tous les bateaux sont \u00e9quip\u00e9s d\u2019un taud de soleil pour se prot\u00e9ger en cas de fortes chaleurs ou de l\u00e9g\u00e8res pluies.\n\n<strong>Bateaux sans permis : r\u00e9servation fortement conseill\u00e9e<\/strong>\n\n<strong> <a href=\"http:\/\/cap-confluent.com\/wp-content\/uploads\/2013\/02\/tarif-10-places-ok-2019.jpg\"><strong>[su_button url=\"https:\/\/cap-confluent.digital-nautic.com\/fr\" target=\"self\" style=\"default\" background=\"#2D89EF\" color=\"#FFFFFF\" size=\"3\" wide=\"no\" center=\"no\" radius=\"auto\" icon=\"\" icon_color=\"#FFFFFF\" text_shadow=\"none\" desc=\"\" onclick=\"\" rel=\"\" title=\"\" id=\"\" class=\"\"]R\u00e9server Maintenant[\/su_button]<\/strong><\/a><\/strong>\n\n&nbsp;\n\n<strong>Notre bateau avec permis :<\/strong>\n\n<a href=\"http:\/\/cap-confluent.com\/wp-content\/uploads\/2012\/12\/wakeboard-lyon-e1593515185574.jpg\"><img class=\"alignnone size-full wp-image-507\" alt=\"wakeboard lyon\" src=\"http:\/\/cap-confluent.com\/wp-content\/uploads\/2012\/12\/wakeboard-lyon-e1593515185574.jpg\" width=\"400\" height=\"300\"><\/a>\n\n<a href=\"http:\/\/cap-confluent.com\/wp-content\/uploads\/2020\/06\/034A4443-BAY-ElementE18-MY2018-copy-X3--e1593515936459.jpg\"><img class=\"alignnone size-medium wp-image-513\" alt=\"034A4443-BAY-ElementE18-MY2018-copy-X3-\" src=\"http:\/\/cap-confluent.com\/wp-content\/uploads\/2020\/06\/034A4443-BAY-ElementE18-MY2018-copy-X3--300x200.jpg\" width=\"300\" height=\"200\"><\/a>\n\nNous vous proposons la location d\u2019un bateau de type Bayliner Element 6\n\nIl permettra aux d\u00e9tenteurs du permis fluvial de se promener aussi bien sur le Rh\u00f4ne que sur la Sa\u00f4ne.\n<ul>\n \t<li>Nom : Lyon Presqu'\u00eele<\/li>\n \t<li>Taille : 5m50 (6m avec la plage)<\/li>\n \t<li>Moteur : Mercury 100Cv 4 temps<\/li>\n \t<li>Consommation : entre 8 et 10 litres de l'heure<\/li>\n \t<li>Capacit\u00e9 : 8 personnes<\/li>\n \t<li>Equipement : Mat de ski nautique et rack de wakeboard, taud de soleil, prise allume cigare et usb, syst\u00e8me st\u00e9r\u00e9o bluetooth<\/li>\n \t<li>option : possibilit\u00e9 de louer wakeboard et ski nautique<\/li>\n<\/ul>\n&nbsp;\n\n<strong>Bateau avec permis : r\u00e9servation obligatoire&nbsp;<\/strong>\n\n[su_button url=\"https:\/\/cap-confluent.digital-nautic.com\/fr\" target=\"self\" style=\"default\" background=\"#2D89EF\" color=\"#FFFFFF\" size=\"3\" wide=\"no\" center=\"no\" radius=\"auto\" icon=\"\" icon_color=\"#FFFFFF\" text_shadow=\"none\" desc=\"\" onclick=\"\" rel=\"\" title=\"\" id=\"\" class=\"\"]R\u00e9server Maintenant[\/su_button]","_et_gb_content_width":"","inline_featured_image":false,"footnotes":""},"class_list":["post-9","page","type-page","status-publish","hentry"],"_links":{"self":[{"href":"https:\/\/cap-confluent.com\/en\/wp-json\/wp\/v2\/pages\/9","targetHints":{"allow":["GET"]}}],"collection":[{"href":"https:\/\/cap-confluent.com\/en\/wp-json\/wp\/v2\/pages"}],"about":[{"href":"https:\/\/cap-confluent.com\/en\/wp-json\/wp\/v2\/types\/page"}],"author":[{"embeddable":true,"href":"https:\/\/cap-confluent.com\/en\/wp-json\/wp\/v2\/users\/1"}],"replies":[{"embeddable":true,"href":"https:\/\/cap-confluent.com\/en\/wp-json\/wp\/v2\/comments?post=9"}],"version-history":[{"count":50,"href":"https:\/\/cap-confluent.com\/en\/wp-json\/wp\/v2\/pages\/9\/revisions"}],"predecessor-version":[{"id":1203,"href":"https:\/\/cap-confluent.com\/en\/wp-json\/wp\/v2\/pages\/9\/revisions\/1203"}],"wp:attachment":[{"href":"https:\/\/cap-confluent.com\/en\/wp-json\/wp\/v2\/media?parent=9"}],"curies":[{"name":"wp","href":"https:\/\/api.w.org\/{rel}","templated":true}]}}