{"id":7,"date":"2012-12-20T16:24:19","date_gmt":"2012-12-20T15:24:19","guid":{"rendered":"http:\/\/cap-confluent.com\/?page_id=7"},"modified":"2026-02-02T18:59:20","modified_gmt":"2026-02-02T17:59:20","slug":"les-parcours-bateaux-lyon","status":"publish","type":"page","link":"https:\/\/cap-confluent.com\/en\/les-parcours-bateaux-lyon\/","title":{"rendered":"Les parcours"},"content":{"rendered":"[et_pb_section fb_built=\u00a0\u00bb1&Prime; _builder_version=\u00a0\u00bb3.22&Prime; global_colors_info=\u00a0\u00bb{}\u00a0\u00bb][et_pb_row _builder_version=\u00a0\u00bb4.7.7&Prime; _module_preset=\u00a0\u00bbdefault\u00a0\u00bb global_colors_info=\u00a0\u00bb{}\u00a0\u00bb][et_pb_column type=\u00a0\u00bb4_4&Prime; _builder_version=\u00a0\u00bb4.7.7&Prime; _module_preset=\u00a0\u00bbdefault\u00a0\u00bb global_colors_info=\u00a0\u00bb{}\u00a0\u00bb][et_pb_text _builder_version=\u00a0\u00bb4.7.7&Prime; _module_preset=\u00a0\u00bbdefault\u00a0\u00bb header_font=\u00a0\u00bbOswald|||on|||||\u00a0\u00bb header_text_align=\u00a0\u00bbcenter\u00a0\u00bb header_text_color=\u00a0\u00bb#113158&Prime; header_font_size=\u00a0\u00bb60px\u00a0\u00bb global_colors_info=\u00a0\u00bb{}\u00a0\u00bb]<h1>The route<\/h1>[\/et_pb_text][\/et_pb_column][\/et_pb_row][et_pb_row _builder_version=\u00a0\u00bb4.7.7&Prime; _module_preset=\u00a0\u00bbdefault\u00a0\u00bb global_colors_info=\u00a0\u00bb{}\u00a0\u00bb][et_pb_column type=\u00a0\u00bb4_4&Prime; _builder_version=\u00a0\u00bb4.7.7&Prime; _module_preset=\u00a0\u00bbdefault\u00a0\u00bb global_colors_info=\u00a0\u00bb{}\u00a0\u00bb][et_pb_image src=\u00a0\u00bbhttps:\/\/cap-confluent.com\/wp-content\/uploads\/2026\/02\/decouvrir-lyon-en-bateau.png\u00a0\u00bb alt=\u00a0\u00bbLocation de bateau sans permis \u00e0 Lyon avec Cap Confluent\u00a0\u00bb title_text=\u00a0\u00bbdecouvrir-lyon-en-bateau\u00a0\u00bb align=\u00a0\u00bbcenter\u00a0\u00bb _builder_version=\u00a0\u00bb4.14.7&Prime; _module_preset=\u00a0\u00bbdefault\u00a0\u00bb hover_enabled=\u00a0\u00bb0&Prime; global_colors_info=\u00a0\u00bb{}\u00a0\u00bb sticky_enabled=\u00a0\u00bb0&Prime;][\/et_pb_image][et_pb_text _builder_version=\u00a0\u00bb4.7.7&Prime; _module_preset=\u00a0\u00bbdefault\u00a0\u00bb header_font=\u00a0\u00bbOswald|||on|||||\u00a0\u00bb header_text_align=\u00a0\u00bbcenter\u00a0\u00bb header_text_color=\u00a0\u00bb#113158&Prime; header_font_size=\u00a0\u00bb60px\u00a0\u00bb global_colors_info=\u00a0\u00bb{}\u00a0\u00bb]<h1>Confluence &gt; \u00eele Barbe<\/h1>[\/et_pb_text][\/et_pb_column][\/et_pb_row][et_pb_row column_structure=\u00a0\u00bb1_2,1_2&Prime; _builder_version=\u00a0\u00bb4.14.7&Prime; background_size=\u00a0\u00bbinitial\u00a0\u00bb background_position=\u00a0\u00bbtop_left\u00a0\u00bb background_repeat=\u00a0\u00bbrepeat\u00a0\u00bb hover_enabled=\u00a0\u00bb0&Prime; global_colors_info=\u00a0\u00bb{}\u00a0\u00bb sticky_enabled=\u00a0\u00bb0&Prime; custom_padding=\u00a0\u00bb0px|||||\u00a0\u00bb][et_pb_column type=\u00a0\u00bb1_2&Prime; _builder_version=\u00a0\u00bb3.25&Prime; custom_padding=\u00a0\u00bb|||\u00a0\u00bb global_colors_info=\u00a0\u00bb{}\u00a0\u00bb custom_padding__hover=\u00a0\u00bb|||\u00a0\u00bb][et_pb_text _builder_version=\u00a0\u00bb4.14.7&Prime; background_size=\u00a0\u00bbinitial\u00a0\u00bb background_position=\u00a0\u00bbtop_left\u00a0\u00bb background_repeat=\u00a0\u00bbrepeat\u00a0\u00bb hover_enabled=\u00a0\u00bb0&Prime; global_colors_info=\u00a0\u00bb{}\u00a0\u00bb sticky_enabled=\u00a0\u00bb0&Prime;]<p><img loading=\"lazy\" decoding=\"async\" src=\"https:\/\/cap-confluent.com\/wp-content\/uploads\/2026\/02\/parcours-bateau-lyon-sans-permis.jpg\" width=\"510\" height=\"721\" alt=\"parcours bateau sans permis \u00e0 Lyon\" class=\"wp-image-1166 size-full\" srcset=\"https:\/\/cap-confluent.com\/wp-content\/uploads\/2026\/02\/parcours-bateau-lyon-sans-permis.jpg 510w, https:\/\/cap-confluent.com\/wp-content\/uploads\/2026\/02\/parcours-bateau-lyon-sans-permis-480x679.jpg 480w\" sizes=\"auto, (min-width: 0px) and (max-width: 480px) 480px, (min-width: 481px) 510px, 100vw\" \/>\u00a0<\/p>\n<p>&nbsp;<\/p>\n<p>&nbsp;<\/p>[\/et_pb_text][et_pb_image src=\u00a0\u00bbhttps:\/\/cap-confluent.com\/wp-content\/uploads\/2026\/02\/lyon-drone-bateau-confluence.jpg\u00a0\u00bb _builder_version=\u00a0\u00bb4.14.7&Prime; _module_preset=\u00a0\u00bbdefault\u00a0\u00bb alt=\u00a0\u00bbvue drone sur Lyon\u00a0\u00bb title_text=\u00a0\u00bblyon-drone-bateau-confluence\u00a0\u00bb hover_enabled=\u00a0\u00bb0&Prime; sticky_enabled=\u00a0\u00bb0&Prime;][\/et_pb_image][\/et_pb_column][et_pb_column type=\u00a0\u00bb1_2&Prime; _builder_version=\u00a0\u00bb3.25&Prime; custom_padding=\u00a0\u00bb|||\u00a0\u00bb global_colors_info=\u00a0\u00bb{}\u00a0\u00bb custom_padding__hover=\u00a0\u00bb|||\u00a0\u00bb][et_pb_text _builder_version=\u00a0\u00bb4.14.7&Prime; _module_preset=\u00a0\u00bbdefault\u00a0\u00bb header_font=\u00a0\u00bbOswald|||on|||||\u00a0\u00bb header_text_align=\u00a0\u00bbcenter\u00a0\u00bb header_text_color=\u00a0\u00bb#113158&Prime; global_colors_info=\u00a0\u00bb{}\u00a0\u00bb]<blockquote>\n<p><em>The navigation for licence-free boats is only allowed on the Sa\u00f4ne, from the Mulati\u00e8re Bridge to Couzon au Mont d\u2019Or flood barrier.\u00a0<\/em><em style=\"font-size: 14px;\">The time estimated on our map was defined with a licence-free boat with strong water flow.\nThe navigation conditions must also be taken into consideration to define the duration of the boat crossing.\u00a0<\/em><em style=\"font-size: 14px;\">The navigation area with our boats required a licence also includes the Rh\u00f4ne.<\/em><\/p>\n<p><b><\/b><\/p>\n<\/blockquote>\n<h1><strong>Licence-free boat<\/strong><\/h1>\n<p style=\"font-weight: 400;\"><span style=\"color: #ff0000;\"><strong>NOUVEAU\u00a0: si vous optez pour un bateau \u00e9lectrique, la vitesse est l\u00e9g\u00e8rement plus lente<\/strong><\/span> (voir la carte de navigation)<\/p>\n<p style=\"font-weight: 400;\"><strong>Exemple pour l\u2019\u00eele Barbe<\/strong>\u00a0: 2h aller-retour en bateau sans permis thermique \/ 3h aller-retour en bateau sans permis \u00e9lectrique<\/p>\n<p><strong>Route 1h:<\/strong><\/p>\n<p>Departing from Confluence, you will set sail to discover the historical heart of Lyon from the Sa\u00f4ne.\nAlong the Old Town (Le Vieux Lyon), you will be able to admire the Saint Georges and Saint Paul\ndistrict, Saint Jean Cathedral, Fourvi\u00e8re Basilica, the Croix Rousse hill to finally meet \u00ab l\u2019Homme de la Roche \u00bb (the Man of rock) from where you will turn back to Confluence.<\/p>\n<p><strong>Route in 1h30:<\/strong><\/p>\n<p>The beginning of the journey is the same as the Route 1 but will continue up to Vaise district, at\nSchuman Bridge.\nDepending on where you turn back, you can make the most of the time you have left to admire the docks and all the modern buildings of the factory La Sucri\u00e8re, before coming back to Confluence.<\/p>\n<p><strong>Route in 2h:<\/strong><\/p>\n<p>During this journey, the beginning will be the same as previous ones but heading to Ile Barbe.\nAs you sail around the island you will be able to discover its peaceful atmosphere, its 1600 years old Abbey and its beautiful vegetation.<\/p>\n<p><strong>Route in 3h:<\/strong><\/p>\n<p>Cross the river from the town to countryside.\nYou will cross all the other places already mentioned and will continue beyond Ile Barbe.\nOnce you leave the town, the wildlife takes its place over again.\nHerons, beavers and some other cormorants enjoy this surprisingly calm area just on the edge of the city!\nSail around Ile Roy, the second island that you will meet before heading back towards Confluence.<\/p>\n<p><strong>Route in 4h:<\/strong><\/p>\n<p>This route is perfect if you want to stop for a picnic at one of the docks that our team will suggest to you or to simply cross the whole of our route up to the flood barrier of Couzon au Mont d\u2019Or before heading back to Lyon.<\/p>\n<p><strong>Route in 8h:<\/strong><\/p>\n<p>This route will allow you to fully appreciate our entire sailing area. Take your time to enjoy the view, having a picnic or to stop at one of the restaurant accessible by boat.<\/p>\n<h1><strong>Boat with license:<\/strong><\/h1>\n<p>3h: Confluence to Couzon au Mont d\u2019Or round trip<\/p>\n<p>4h: Confluence &gt; Couzon au Mont d\u2019Or &gt; Confluence &gt; 1h to navigate on the Rh\u00f4ne\n(you can also choose to start by navigating to the Rh\u00f4ne if you want to)<\/p>\n<p>8h: It\u2019s up to you Captain! Our staff can share with you many suggestions.<\/p>[\/et_pb_text][\/et_pb_column][\/et_pb_row][\/et_pb_section]","protected":false},"excerpt":{"rendered":"<p>les parcoursConfluence &gt; \u00eele Barbe\u00a0 &nbsp; &nbsp; Notre zone de navigation pour les bateaux sans permis est uniquement sur la Sa\u00f4ne, du pont de la Mulati\u00e8re au barrage de Couzon au mont d&rsquo;or.\u00a0Notre carte est bas\u00e9e sur des estimations avec bateau sans permis et courant fort, le temps de la travers\u00e9e doit \u00e9galement prendre en [&hellip;]<\/p>","protected":false},"author":1,"featured_media":0,"parent":0,"menu_order":0,"comment_status":"closed","ping_status":"closed","template":"","meta":{"_et_pb_use_builder":"on","_et_pb_old_content":"<a href=\"http:\/\/cap-confluent.com\/wp-content\/uploads\/2012\/12\/PLAN1.jpg\"><img class=\"alignnone  wp-image-158\" title=\"Parcours Cap-Confluent\" src=\"http:\/\/cap-confluent.com\/wp-content\/uploads\/2012\/12\/PLAN1.jpg\" alt=\"\" width=\"465\" height=\"1223\" \/><\/a>\n\n<strong>Notre zone de navigation pour les bateaux sans permis est uniquement sur la Sa\u00f4ne, du pont de la Mulati\u00e8re au barrage de Couzon au mont d'or.<\/strong>\n\n<b>Notre carte est bas\u00e9e sur des estimations avec bateau sans permis et courant fort, le temps de la travers\u00e9e doit \u00e9galement prendre en compte les conditions de navigation.<\/b>\n\n<b>La zone de navigation avec nos bateaux permis comprend \u00e9galement le Rh\u00f4ne.<\/b><b><\/b>\n\n<strong>Bateaux sans permis :<\/strong>\n\nParcours 1h : Au d\u00e9part de Confluence vous partirez \u00e0 la d\u00e9couverte du centre historique de Lyon. Le long du vieux Lyon vous pourrez admirer le quartier St Georges, St Paul, la cath\u00e9drale de Saint Jean, la basilique de Fourvi\u00e8re, la colline de la Croix Rousse et vous ferrez demi tour au niveau de l'homme de la roche pour revenir sur Confluence.\n\nParcours 1h30 : Identique au parcours 1h en prolongeant jusqu'\u00e0 Vaise\u00a0au niveau du\u00a0pont Schuman. Selon l'endroit o\u00f9 vous ferez demi tour, vous pourrez profiter du temps qu'il vous reste pour contempler les docks et les b\u00e2timents modernes\u00a0de la sucri\u00e8re.\n\nParcours 2h : Cette fois-ci vous reprenez le m\u00eame chemin que les parcours pr\u00e9c\u00e9dents en mettant le cap jusqu'\u00e0 l'\u00eele Barbe. En faisant le tour de l'\u00eele vous pourrez contempler le c\u00f4t\u00e9 apaisant de cette \u00eele, son abbaye vieille de 1600 ans et sa verdure chatoyante.\n\nParcours 3h : De la ville \u00e0 la campagne, vous traverserez tous les autres points d\u00e9j\u00e0 cit\u00e9s et continuerez au del\u00e0 de l'\u00eele Barbe. Une fois quitt\u00e9 la ville, la nature sauvage reprend ses droits. H\u00e9rons, castors et autre cormorans profite de ce cadre \u00e9tonnamment calme aux portes de la ville. Faites le tour de l'\u00eele Roy, seconde \u00eele que vous verrez\u00a0et reprenez le cap en direction de Confluence.\n\nParcours 4h : Id\u00e9al pour s'arr\u00eater pic niquer sur un des pontons que nos animateurs vous conseilleront ou pour tout simplement traverser la totalit\u00e9 de notre parcours jusqu'\u00e0 l'\u00e9cluse de Couzon au mont d'or avant de revenir sur Lyon.\n\nParcours journ\u00e9e 8h : Prenez votre temps, pic niquez ou arr\u00eatez vous dans un des restaurants accessibles en bateau. Parcourez la totalit\u00e9 de notre zone de navigation.\n\n<strong>Bateau avec permis :<\/strong>\n\n3h = Confluence &gt; Couzon allez retour\n\n4h = Confluence &gt; Couzon &gt; Confluent &gt; 1h de navigation sur le Rh\u00f4ne (ou l'inverse)\n\n8h = Comme bon vous semble Capitaine (nombreux conseils sur place)\n\n<a href=\"http:\/\/cap-confluent.com\/wp-content\/uploads\/2012\/12\/bateau-sans-permis-ile-barbe-lyon.jpg\"><img class=\"size-full wp-image-292 alignleft\" src=\"http:\/\/cap-confluent.com\/wp-content\/uploads\/2012\/12\/bateau-sans-permis-ile-barbe-lyon.jpg\" alt=\"bateau sans permis ile barbe lyon\" width=\"470\" height=\"198\" \/><\/a>","_et_gb_content_width":"","inline_featured_image":false,"footnotes":""},"class_list":["post-7","page","type-page","status-publish","hentry"],"_links":{"self":[{"href":"https:\/\/cap-confluent.com\/en\/wp-json\/wp\/v2\/pages\/7","targetHints":{"allow":["GET"]}}],"collection":[{"href":"https:\/\/cap-confluent.com\/en\/wp-json\/wp\/v2\/pages"}],"about":[{"href":"https:\/\/cap-confluent.com\/en\/wp-json\/wp\/v2\/types\/page"}],"author":[{"embeddable":true,"href":"https:\/\/cap-confluent.com\/en\/wp-json\/wp\/v2\/users\/1"}],"replies":[{"embeddable":true,"href":"https:\/\/cap-confluent.com\/en\/wp-json\/wp\/v2\/comments?post=7"}],"version-history":[{"count":27,"href":"https:\/\/cap-confluent.com\/en\/wp-json\/wp\/v2\/pages\/7\/revisions"}],"predecessor-version":[{"id":1205,"href":"https:\/\/cap-confluent.com\/en\/wp-json\/wp\/v2\/pages\/7\/revisions\/1205"}],"wp:attachment":[{"href":"https:\/\/cap-confluent.com\/en\/wp-json\/wp\/v2\/media?parent=7"}],"curies":[{"name":"wp","href":"https:\/\/api.w.org\/{rel}","templated":true}]}}