{"id":424,"date":"2018-11-28T14:53:35","date_gmt":"2018-11-28T13:53:35","guid":{"rendered":"http:\/\/cap-confluent.com\/?page_id=424"},"modified":"2026-02-02T19:01:14","modified_gmt":"2026-02-02T18:01:14","slug":"vos-questions","status":"publish","type":"page","link":"https:\/\/cap-confluent.com\/en\/vos-questions\/","title":{"rendered":"Vos questions"},"content":{"rendered":"[et_pb_section fb_built=\u00a0\u00bb1&Prime; _builder_version=\u00a0\u00bb3.22&Prime; global_colors_info=\u00a0\u00bb{}\u00a0\u00bb][et_pb_row column_structure=\u00a0\u00bb1_5,3_5,1_5&Prime; _builder_version=\u00a0\u00bb4.14.7&Prime; background_size=\u00a0\u00bbinitial\u00a0\u00bb background_position=\u00a0\u00bbtop_left\u00a0\u00bb background_repeat=\u00a0\u00bbrepeat\u00a0\u00bb global_colors_info=\u00a0\u00bb{}\u00a0\u00bb][et_pb_column type=\u00a0\u00bb1_5&Prime; _builder_version=\u00a0\u00bb3.25&Prime; custom_padding=\u00a0\u00bb|||\u00a0\u00bb global_colors_info=\u00a0\u00bb{}\u00a0\u00bb custom_padding__hover=\u00a0\u00bb|||\u00a0\u00bb][\/et_pb_column][et_pb_column type=\u00a0\u00bb3_5&Prime; _builder_version=\u00a0\u00bb3.25&Prime; custom_padding=\u00a0\u00bb|||\u00a0\u00bb global_colors_info=\u00a0\u00bb{}\u00a0\u00bb custom_padding__hover=\u00a0\u00bb|||\u00a0\u00bb][et_pb_text _builder_version=\u00a0\u00bb4.7.7&Prime; header_font=\u00a0\u00bbOswald|||on|||||\u00a0\u00bb header_text_align=\u00a0\u00bbcenter\u00a0\u00bb header_text_color=\u00a0\u00bb#113158&Prime; header_font_size=\u00a0\u00bb60px\u00a0\u00bb background_size=\u00a0\u00bbinitial\u00a0\u00bb background_position=\u00a0\u00bbtop_left\u00a0\u00bb background_repeat=\u00a0\u00bbrepeat\u00a0\u00bb global_colors_info=\u00a0\u00bb{}\u00a0\u00bb]<h1>FAQ<strong><\/strong>\u00a0<\/h1>\n<p><strong><\/strong><\/p>[\/et_pb_text][et_pb_accordion _builder_version=\u00a0\u00bb4.14.7&Prime; _module_preset=\u00a0\u00bbdefault\u00a0\u00bb global_colors_info=\u00a0\u00bb{}\u00a0\u00bb][et_pb_accordion_item title=\u00a0\u00bbJe n&rsquo;ai jamais pilot\u00e9 de bateau ?\u00a0\u00bb open=\u00a0\u00bbon\u00a0\u00bb _builder_version=\u00a0\u00bb4.7.7&Prime; _module_preset=\u00a0\u00bbdefault\u00a0\u00bb global_colors_info=\u00a0\u00bb{}\u00a0\u00bb]<p>No experience is required to hire our boats. Easy to control, easily fitted with a forward, reverse and steering wheel, the e boats are extremely easy to handle. Speed varies between 8 and 11 km\/h wich allows everyone to steer very easily.<\/p>[\/et_pb_accordion_item][et_pb_accordion_item title=\u00a0\u00bbPluie et annulation ?\u00a0\u00bb _builder_version=\u00a0\u00bb4.7.7&Prime; _module_preset=\u00a0\u00bbdefault\u00a0\u00bb global_colors_info=\u00a0\u00bb{}\u00a0\u00bb open=\u00a0\u00bboff\u00a0\u00bb]<p>Only rain or emergency conditions can justify a refund in case of cancellation.<\/p>\n<p>&nbsp;<\/p>[\/et_pb_accordion_item][et_pb_accordion_item title=\u00a0\u00bbEst-il important de r\u00e9server ?\u00a0\u00bb _builder_version=\u00a0\u00bb4.7.7&Prime; _module_preset=\u00a0\u00bbdefault\u00a0\u00bb global_colors_info=\u00a0\u00bb{}\u00a0\u00bb open=\u00a0\u00bboff\u00a0\u00bb]<p>Yes it is! We highly recommended you to book online to make sure we have a boat available for you.<\/p>\n<p>&nbsp;<\/p>[\/et_pb_accordion_item][et_pb_accordion_item title=\u00a0\u00bbLes enfants \u00e0 bord ?\u00a0\u00bb _builder_version=\u00a0\u00bb4.7.7&Prime; _module_preset=\u00a0\u00bbdefault\u00a0\u00bb global_colors_info=\u00a0\u00bb{}\u00a0\u00bb open=\u00a0\u00bboff\u00a0\u00bb]<p>Of course they are! We provides life jackets suitable for all sizes (from baby to adult). A child counts as a passenger on board, regarding to the limit number of people on board.<\/p>\n<p>&nbsp;<\/p>[\/et_pb_accordion_item][et_pb_accordion_item title=\u00a0\u00bbEst-ce dangereux ?\u00a0\u00bb _builder_version=\u00a0\u00bb4.7.7&Prime; _module_preset=\u00a0\u00bbdefault\u00a0\u00bb global_colors_info=\u00a0\u00bb{}\u00a0\u00bb open=\u00a0\u00bboff\u00a0\u00bb]<p>Absolutely not! Our boats are very safe and our\ninstructors will provide you all the safety instructions to ensure that sailing with other boats goes as smoothly as possible.\nNearly 50 000 passengers have already tested our boats without any problems!<\/p>\n<p>&nbsp;<\/p>[\/et_pb_accordion_item][et_pb_accordion_item title=\u00a0\u00bbLes animaux \u00e0 bord ?\u00a0\u00bb _builder_version=\u00a0\u00bb4.7.7&Prime; _module_preset=\u00a0\u00bbdefault\u00a0\u00bb global_colors_info=\u00a0\u00bb{}\u00a0\u00bb open=\u00a0\u00bboff\u00a0\u00bb]<p>We do not accept any pets on board, except guide dogs for disable person.<\/p>\n<p>&nbsp;<\/p>[\/et_pb_accordion_item][et_pb_accordion_item title=\u00a0\u00bbPic nique et alcool \u00e0 bord ?\u00a0\u00bb _builder_version=\u00a0\u00bb4.7.7&Prime; _module_preset=\u00a0\u00bbdefault\u00a0\u00bb global_colors_info=\u00a0\u00bb{}\u00a0\u00bb open=\u00a0\u00bboff\u00a0\u00bb]<p>Of course you can, it\u2019s even higly recommanded to bring picnic on board! Reasonable alcohol\nconsumption is authorized on board for passengers.\nHowever, it is not allowed, for anyone who steers the boat to drink alcohol on board.<\/p>\n<p>&nbsp;<\/p>[\/et_pb_accordion_item][et_pb_accordion_item title=\u00a0\u00bbNavigation de nuit ?\u00a0\u00bb _builder_version=\u00a0\u00bb4.7.7&Prime; _module_preset=\u00a0\u00bbdefault\u00a0\u00bb global_colors_info=\u00a0\u00bb{}\u00a0\u00bb open=\u00a0\u00bboff\u00a0\u00bb]<p>Our boats are not authorised to navigate by nigh. We do our best to adjust our boat schedules to finish as late as possible before sunset!<\/p>\n<p>&nbsp;<\/p>[\/et_pb_accordion_item][et_pb_accordion_item title=\u00a0\u00bbP\u00e9riode d&rsquo;ouverture ?\u00a0\u00bb _builder_version=\u00a0\u00bb4.7.7&Prime; _module_preset=\u00a0\u00bbdefault\u00a0\u00bb global_colors_info=\u00a0\u00bb{}\u00a0\u00bb open=\u00a0\u00bboff\u00a0\u00bb]<p>We are open from the beginning of March until the end of October, depending on weather conditions.<\/p>\n<p>&nbsp;<\/p>[\/et_pb_accordion_item][et_pb_accordion_item title=\u00a0\u00bbLa Sa\u00f4ne oui mais le Rh\u00f4ne ?\u00a0\u00bb _builder_version=\u00a0\u00bb4.7.7&Prime; _module_preset=\u00a0\u00bbdefault\u00a0\u00bb global_colors_info=\u00a0\u00bb{}\u00a0\u00bb open=\u00a0\u00bboff\u00a0\u00bb]<p>The French legislation prohibits the navigation of freelicense boat on the Rh\u00f4ne. If you have a boat license, we will be happy to hire you a boat allowed to go on the Rh\u00f4ne!<\/p>\n<p>&nbsp;<\/p>[\/et_pb_accordion_item][et_pb_accordion_item title=\u00a0\u00bbLocation aux mineurs ?\u00a0\u00bb _builder_version=\u00a0\u00bb4.7.7&Prime; _module_preset=\u00a0\u00bbdefault\u00a0\u00bb global_colors_info=\u00a0\u00bb{}\u00a0\u00bb open=\u00a0\u00bboff\u00a0\u00bb]<p>Rental is forbidden to under-age people. You must be accompanied by an adult.<\/p>\n<p>&nbsp;<\/p>[\/et_pb_accordion_item][et_pb_accordion_item title=\u00a0\u00bbR\u00e8glement ?\u00a0\u00bb _builder_version=\u00a0\u00bb4.7.7&Prime; _module_preset=\u00a0\u00bbdefault\u00a0\u00bb global_colors_info=\u00a0\u00bb{}\u00a0\u00bb open=\u00a0\u00bboff\u00a0\u00bb]<p>We much recommended and appreciate booking and payment online. However, if you need to pay on site, we accept payment by cash and credit card.<\/p>\n<p>&nbsp;<\/p>[\/et_pb_accordion_item][et_pb_accordion_item title=\u00a0\u00bbDemandez-vous une caution ?\u00a0\u00bb _builder_version=\u00a0\u00bb4.14.7&Prime; _module_preset=\u00a0\u00bbdefault\u00a0\u00bb global_colors_info=\u00a0\u00bb{}\u00a0\u00bb open=\u00a0\u00bboff\u00a0\u00bb]<p><span>Nous demandons une caution de 400\u20ac en ch\u00e8que ou CB pour les bateaux sans<\/span><br \/><span>permis et une caution de 2000\u20ac ou 3000\u20ac selon le mod\u00e8le uniquement cb pour les bateaux avec permis<\/span><\/p>\n<p><span>Aucune caution en esp\u00e8ce ne sera accept\u00e9e.<\/span><\/p>[\/et_pb_accordion_item][et_pb_accordion_item title=\u00a0\u00bbO\u00f9 faire une croisi\u00e8re \u00e0 Lyon ?\u00a0\u00bb _builder_version=\u00a0\u00bb4.14.7&Prime; _module_preset=\u00a0\u00bbdefault\u00a0\u00bb global_colors_info=\u00a0\u00bb{}\u00a0\u00bb open=\u00a0\u00bboff\u00a0\u00bb]<p>Cap Confluent propose des balades en bateau avec skipper. Le bateau est disponible de 1 \u00e0 9 passagers. Vous pouvez y apporter votre pic-nique ou ap\u00e9ritif (pas d&rsquo;alcool fort \u00e0 bord).<\/p>[\/et_pb_accordion_item][et_pb_accordion_item title=\u00a0\u00bbO\u00f9 faire un team building \u00e0 Lyon ?\u00a0\u00bb _builder_version=\u00a0\u00bb4.14.7&Prime; _module_preset=\u00a0\u00bbdefault\u00a0\u00bb global_colors_info=\u00a0\u00bb{}\u00a0\u00bb open=\u00a0\u00bboff\u00a0\u00bb]<p>Cap Confluent propose une offre team building, de la simple activit\u00e9 bateaux sans permis \u00e0 la journ\u00e9e compl\u00e8te avec animation et guinguette en bord de Sa\u00f4ne. Plus d&rsquo;infos sur l&rsquo;onglet \u00ab\u00a0groupes et s\u00e9minaires\u00a0\u00bb.<\/p>[\/et_pb_accordion_item][et_pb_accordion_item title=\u00a0\u00bbQuelle est la plus belle visite \u00e0 faire \u00e0 Lyon\u00a0\u00bb _builder_version=\u00a0\u00bb4.14.7&Prime; _module_preset=\u00a0\u00bbdefault\u00a0\u00bb global_colors_info=\u00a0\u00bb{}\u00a0\u00bb open=\u00a0\u00bboff\u00a0\u00bb]<p>Une location de bateau avec ou sans permis chez Cap Confluent est un incontournable pour visiter Lyon.<\/p>[\/et_pb_accordion_item][et_pb_accordion_item title=\u00a0\u00bbUne id\u00e9e de s\u00e9minaire d&rsquo;entreprise \u00e0 Lyon ?\u00a0\u00bb _builder_version=\u00a0\u00bb4.14.7&Prime; _module_preset=\u00a0\u00bbdefault\u00a0\u00bb global_colors_info=\u00a0\u00bb{}\u00a0\u00bb open=\u00a0\u00bboff\u00a0\u00bb]<p>Une chasse au tr\u00e9sor en bateaux sans permis est un excellent moyen de visiter Lyon et de vivre un moment de coh\u00e9sion unique.<\/p>[\/et_pb_accordion_item][et_pb_accordion_item title=\u00a0\u00bbActivit\u00e9 pour les enfants \u00e0 Lyon ?\u00a0\u00bb _builder_version=\u00a0\u00bb4.14.7&Prime; _module_preset=\u00a0\u00bbdefault\u00a0\u00bb global_colors_info=\u00a0\u00bb{}\u00a0\u00bb open=\u00a0\u00bboff\u00a0\u00bb]<p>Louer un bateau sans permis \u00e0 Lyon chez Cap Confluent, c&rsquo;est l&rsquo;occasion de faire d\u00e9couvrir le plaisir de naviguer et la ville de Lyon aux Enfants.<\/p>[\/et_pb_accordion_item][\/et_pb_accordion][\/et_pb_column][et_pb_column type=\u00a0\u00bb1_5&Prime; _builder_version=\u00a0\u00bb3.25&Prime; custom_padding=\u00a0\u00bb|||\u00a0\u00bb global_colors_info=\u00a0\u00bb{}\u00a0\u00bb custom_padding__hover=\u00a0\u00bb|||\u00a0\u00bb][\/et_pb_column][\/et_pb_row][et_pb_row _builder_version=\u00a0\u00bb4.14.7&Prime; _module_preset=\u00a0\u00bbdefault\u00a0\u00bb global_colors_info=\u00a0\u00bb{}\u00a0\u00bb][et_pb_column type=\u00a0\u00bb4_4&Prime; _builder_version=\u00a0\u00bb4.14.7&Prime; _module_preset=\u00a0\u00bbdefault\u00a0\u00bb global_colors_info=\u00a0\u00bb{}\u00a0\u00bb][et_pb_image src=\u00a0\u00bbhttps:\/\/cap-confluent.com\/wp-content\/uploads\/2026\/02\/team-building-escape-game-lyon.jpg\u00a0\u00bb alt=\u00a0\u00bbcoh\u00e9sion en bateau \u00e0 Lyon\u00a0\u00bb title_text=\u00a0\u00bbteam-building-escape-game-lyon\u00a0\u00bb _builder_version=\u00a0\u00bb4.14.7&Prime; _module_preset=\u00a0\u00bbdefault\u00a0\u00bb global_colors_info=\u00a0\u00bb{}\u00a0\u00bb][\/et_pb_image][\/et_pb_column][\/et_pb_row][\/et_pb_section]","protected":false},"excerpt":{"rendered":"<p>vos questions\u00a0 Nos embarcations sont destin\u00e9es \u00e0 tous les d\u00e9butants, \u00e9quip\u00e9s simplement d&rsquo;une marche avant, d&rsquo;une marche arri\u00e8re et d&rsquo;un volant, les bateaux sont extr\u00eamement simples \u00e0 man\u0153uvrer. La vitesse varie entre 8 et 11km\/h et permet \u00e0 tout le monde de\u00a0piloter tr\u00e8s facilementSeulement la pluie ou des conditions de force majeure peuvent justifier d&rsquo;un [&hellip;]<\/p>","protected":false},"author":1,"featured_media":0,"parent":0,"menu_order":0,"comment_status":"closed","ping_status":"closed","template":"","meta":{"_et_pb_use_builder":"on","_et_pb_old_content":"<strong>Je n'ai jamais pilot\u00e9 de bateau ?<\/strong> Nos embarcations sont destin\u00e9es \u00e0 tous les d\u00e9butants, \u00e9quip\u00e9s simplement d'une marche avant, d'une marche arri\u00e8re et d'un volant, les bateaux sont extr\u00eamement simples \u00e0 man\u0153uvrer. La vitesse varie entre 8 et 11km\/h et permet \u00e0 tout le monde de&nbsp;piloter tr\u00e8s facilement\n\n<strong>Pluie et annulation ? <\/strong>Seulement la pluie ou des conditions de force majeure peuvent justifier d'un remboursement en cas d'annulation.\n\n<strong>Est-il important de r\u00e9server ?<\/strong> Il est tr\u00e8s important de r\u00e9server.\n\n<strong>Les enfants \u00e0 bord ?<\/strong> Les enfants et m\u00eame les b\u00e9b\u00e9s sont les bienvenus \u00e0 bord. Nous disposons de gilets de sauvetage adapt\u00e9s \u00e0 toutes les tailles. Concernant la limite de personne \u00e0 bord, un enfant compte comme un passager.\n\n<strong>Est-ce dangereux ?<\/strong> Nos bateaux sont tr\u00e8s sures et les consignes donn\u00e9es par nos animateurs sont l\u00e0 pour que la navigation avec les autres usagers se passe au mieux. Pas loin de 50 000 passagers ont d\u00e9j\u00e0 test\u00e9 nos bateaux sans aucun probl\u00e8me.\n\n<strong>Les animaux \u00e0 bord ?<\/strong> Nous n'acceptons pas les animaux \u00e0 bord&nbsp;en dehors des chiens d'assistance \u00e0 personne handicap\u00e9e.\n\n<strong>Pic nique et alcool \u00e0 bord ?<\/strong> Le pic nique n'est pas interdit, il est m\u00eame conseill\u00e9 \u00e0 bord de nos bateaux. L'alcool est strictement interdit pour la ou les personnes pilotant le bateau. Il est autoris\u00e9 raisonnablement pour les passagers ne conduisant pas.\n\n<strong>Navigation de nuit ?<\/strong> Nos bateaux ne sont pas destin\u00e9s \u00e0 naviguer de nuit. Nos horaires s'adaptent pour terminer le plus tard avant le coucher du soleil.\n\n<strong>P\u00e9riode d'ouverture ?<\/strong> Nous sommes ouverts de d\u00e9but mars&nbsp;\u00e0 fin octobre selon les conditions m\u00e9t\u00e9orologiques.\n\n<strong>La Sa\u00f4ne oui mais le Rh\u00f4ne ? <\/strong>La l\u00e9gislation interdit la navigation des bateaux sans permis sur le Rh\u00f4ne. Seul notre bateau en location avec le permis fluvial est autoris\u00e9 \u00e0 aller sur le Rh\u00f4ne.\n\n<strong>Location aux mineurs :<\/strong> La location est interdite aux mineurs\n\n<strong>R\u00e8glement ?<\/strong> Si vous n'avez pas r\u00e9serv\u00e9 par internet, nous acceptons sur place les r\u00e8glements par CB, Ch\u00e8ques vacances et esp\u00e8ces.\n\n<a href=\"http:\/\/cap-confluent.com\/wp-content\/uploads\/2018\/11\/13.jpg\"><img class=\"alignnone  wp-image-427\" alt=\"13\" src=\"http:\/\/cap-confluent.com\/wp-content\/uploads\/2018\/11\/13.jpg\" width=\"665\" height=\"451\"><\/a>","_et_gb_content_width":"","inline_featured_image":false,"footnotes":""},"class_list":["post-424","page","type-page","status-publish","hentry"],"_links":{"self":[{"href":"https:\/\/cap-confluent.com\/en\/wp-json\/wp\/v2\/pages\/424","targetHints":{"allow":["GET"]}}],"collection":[{"href":"https:\/\/cap-confluent.com\/en\/wp-json\/wp\/v2\/pages"}],"about":[{"href":"https:\/\/cap-confluent.com\/en\/wp-json\/wp\/v2\/types\/page"}],"author":[{"embeddable":true,"href":"https:\/\/cap-confluent.com\/en\/wp-json\/wp\/v2\/users\/1"}],"replies":[{"embeddable":true,"href":"https:\/\/cap-confluent.com\/en\/wp-json\/wp\/v2\/comments?post=424"}],"version-history":[{"count":23,"href":"https:\/\/cap-confluent.com\/en\/wp-json\/wp\/v2\/pages\/424\/revisions"}],"predecessor-version":[{"id":1212,"href":"https:\/\/cap-confluent.com\/en\/wp-json\/wp\/v2\/pages\/424\/revisions\/1212"}],"wp:attachment":[{"href":"https:\/\/cap-confluent.com\/en\/wp-json\/wp\/v2\/media?parent=424"}],"curies":[{"name":"wp","href":"https:\/\/api.w.org\/{rel}","templated":true}]}}