{"id":1048,"date":"2025-09-19T08:27:31","date_gmt":"2025-09-19T07:27:31","guid":{"rendered":"https:\/\/cap-confluent.com\/?page_id=1048"},"modified":"2026-02-02T19:00:23","modified_gmt":"2026-02-02T18:00:23","slug":"location-avec-skipper","status":"publish","type":"page","link":"https:\/\/cap-confluent.com\/en\/location-avec-skipper\/","title":{"rendered":"Location avec skipper"},"content":{"rendered":"[et_pb_section fb_built=\u00a0\u00bb1&Prime; _builder_version=\u00a0\u00bb4.14.7&Prime; _module_preset=\u00a0\u00bbdefault\u00a0\u00bb global_colors_info=\u00a0\u00bb{}\u00a0\u00bb][et_pb_row _builder_version=\u00a0\u00bb4.14.7&Prime; _module_preset=\u00a0\u00bbdefault\u00a0\u00bb global_colors_info=\u00a0\u00bb{}\u00a0\u00bb][et_pb_column type=\u00a0\u00bb4_4&Prime; _builder_version=\u00a0\u00bb4.14.7&Prime; _module_preset=\u00a0\u00bbdefault\u00a0\u00bb global_colors_info=\u00a0\u00bb{}\u00a0\u00bb][et_pb_post_title meta=\u00a0\u00bboff\u00a0\u00bb admin_label=\u00a0\u00bbLocation avec skipper\u00a0\u00bb _builder_version=\u00a0\u00bb4.14.7&Prime; _module_preset=\u00a0\u00bbdefault\u00a0\u00bb title_font=\u00a0\u00bbBebas Neue||||||||\u00a0\u00bb title_text_color=\u00a0\u00bb#113158&Prime; title_font_size=\u00a0\u00bb86px\u00a0\u00bb global_colors_info=\u00a0\u00bb{}\u00a0\u00bb][\/et_pb_post_title][et_pb_image src=\u00a0\u00bbhttps:\/\/cap-confluent.com\/wp-content\/uploads\/2026\/02\/reunion-lyon-bateau.jpg\u00a0\u00bb alt=\u00a0\u00bbBalade en bateau avec skipper \u00e0 Lyon\u00a0\u00bb title_text=\u00a0\u00bbreunion-lyon-bateau\u00a0\u00bb _builder_version=\u00a0\u00bb4.14.7&Prime; _module_preset=\u00a0\u00bbdefault\u00a0\u00bb hover_enabled=\u00a0\u00bb0&Prime; global_colors_info=\u00a0\u00bb{}\u00a0\u00bb sticky_enabled=\u00a0\u00bb0&Prime;][\/et_pb_image][et_pb_accordion _builder_version=\u00a0\u00bb4.14.7&Prime; _module_preset=\u00a0\u00bbdefault\u00a0\u00bb body_text_align=\u00a0\u00bbleft\u00a0\u00bb text_shadow_style=\u00a0\u00bbpreset1&Prime; global_colors_info=\u00a0\u00bb{}\u00a0\u00bb][et_pb_accordion_item title=\u00a0\u00bbLocation avec skipper \u00a0\u00bb open=\u00a0\u00bbon\u00a0\u00bb _builder_version=\u00a0\u00bb4.14.7&Prime; _module_preset=\u00a0\u00bbdefault\u00a0\u00bb body_font=\u00a0\u00bbBebas Neue||||||||\u00a0\u00bb body_text_color=\u00a0\u00bb#000000&Prime; body_font_size=\u00a0\u00bb20px\u00a0\u00bb filter_opacity=\u00a0\u00bb91%\u00a0\u00bb text_shadow_style=\u00a0\u00bbpreset1&Prime; text_shadow_horizontal_length=\u00a0\u00bb1.08em\u00a0\u00bb text_shadow_blur_strength=\u00a0\u00bb1.82em\u00a0\u00bb global_colors_info=\u00a0\u00bb{}\u00a0\u00bb toggle_text_color=\u00a0\u00bb#113158&Prime; toggle_font=\u00a0\u00bbBebas Neue||||||||\u00a0\u00bb toggle_font_size=\u00a0\u00bb54px\u00a0\u00bb toggle_letter_spacing=\u00a0\u00bb0px\u00a0\u00bb toggle_line_height=\u00a0\u00bb1.8em\u00a0\u00bb]<p>&#8211; De 1 \u00e0 9 passagers (enfants compris)<\/p>\n<p>Montez \u00e0 bord de notre magnifique bateau enti\u00e8rement privatis\u00e9 pour vous.<br \/>Vous profiterez d\u2019un grand confort et des commentaires sur la ville et ses secrets<br \/>de la part de notre skipper.<br \/>Votre r\u00e9servation est une demande de r\u00e9servation, qui sera valid\u00e9e ou non<br \/>dans les 24h selon les disponibilit\u00e9s de nos pilotes.<\/p>\n<p>Au d\u00e9part du quartier moderne de Confluence, vous prendrez le large en direction<br \/>du Vieux Lyon. S\u2019ensuivra une douce balade au rythme des fa\u00e7ades color\u00e9es,<br \/>sous le regard de la basilique de Fourvi\u00e8re.<\/p>\n<p>Au fil de cette visite, vous pourrez apercevoir la faune qui vit le long de la rivi\u00e8re<br \/>ainsi que les monuments parmi les plus importants de la ville.<br \/>Le clou de votre croisi\u00e8re sera le tour autour de l\u2019\u00cele Barbe,<br \/>pour admirer ses jardins et son abbaye.<\/p>\n<p>Votre skipper \u00e0 bord sera disponible pour r\u00e9pondre \u00e0 vos questions<br \/>et vous raconter des anecdotes sur la ville, loin des circuits touristiques classiques.<\/p>\n<h3>Points forts<\/h3>\n<ul>\n<li>Une location priv\u00e9e originale, loin des circuits touristiques<\/li>\n<li>Un skipper \u00e0 votre \u00e9coute et un parcours magnifique \u00e0 travers la ville<\/li>\n<li>Un bateau enti\u00e8rement privatis\u00e9 pour une balade unique<\/li>\n<li>Des informations sur les monuments, la ville et ses secrets<\/li>\n<li>Possibilit\u00e9 d\u2019apporter votre pique-nique ou votre ap\u00e9ritif (raisonnablement et sans alcool fort)<\/li>\n<\/ul>[\/et_pb_accordion_item][\/et_pb_accordion][\/et_pb_column][\/et_pb_row][\/et_pb_section][et_pb_section fb_built=\u00a0\u00bb1&Prime; _builder_version=\u00a0\u00bb4.14.7&Prime; _module_preset=\u00a0\u00bbdefault\u00a0\u00bb global_colors_info=\u00a0\u00bb{}\u00a0\u00bb][et_pb_row _builder_version=\u00a0\u00bb4.14.7&Prime; _module_preset=\u00a0\u00bbdefault\u00a0\u00bb global_colors_info=\u00a0\u00bb{}\u00a0\u00bb][et_pb_column type=\u00a0\u00bb4_4&Prime; _builder_version=\u00a0\u00bb4.14.7&Prime; _module_preset=\u00a0\u00bbdefault\u00a0\u00bb global_colors_info=\u00a0\u00bb{}\u00a0\u00bb][et_pb_pricing_tables _builder_version=\u00a0\u00bb4.14.7&Prime; _module_preset=\u00a0\u00bbdefault\u00a0\u00bb global_colors_info=\u00a0\u00bb{}\u00a0\u00bb][et_pb_pricing_table featured=\u00a0\u00bbon\u00a0\u00bb title=\u00a0\u00bb2h\u00a0\u00bb subtitle=\u00a0\u00bbAller Retour Confluence \u00eele Barbe par le vieux Lyon\u00a0\u00bb currency=\u00a0\u00bb\u20acTTC\u00a0\u00bb sum=\u00a0\u00bb400&Prime; _builder_version=\u00a0\u00bb4.14.7&Prime; _module_preset=\u00a0\u00bbdefault\u00a0\u00bb global_colors_info=\u00a0\u00bb{}\u00a0\u00bb sticky_transition=\u00a0\u00bbon\u00a0\u00bb]<p>Tarif pour un d\u00e9part et retour de Lyon Confluence<\/p>\n<p>De 1 \u00e0 9 passagers &#8211;\u00a0 enfants compris<\/p>\n<p>Comprenant la location du bateau \/ Le Skipper \/ Le carburant<\/p>\n<p>Trajet Aller Retour Confluence &#8211; \u00eele Barbe en passant par le vieux Lyon<\/p>[\/et_pb_pricing_table][et_pb_pricing_table featured=\u00a0\u00bbon\u00a0\u00bb title=\u00a0\u00bb2h30&Prime; subtitle=\u00a0\u00bbA\/R  Confluence \u00eele Barbe + vue sur le mus\u00e9e des Confluences \u00a0\u00bb currency=\u00a0\u00bb\u20acTTC\u00a0\u00bb sum=\u00a0\u00bb450&Prime; _builder_version=\u00a0\u00bb4.14.7&Prime; _module_preset=\u00a0\u00bbdefault\u00a0\u00bb global_colors_info=\u00a0\u00bb{}\u00a0\u00bb sticky_transition=\u00a0\u00bbon\u00a0\u00bb]<p>Tarif pour un d\u00e9part et retour de Lyon<\/p>\n<p>De 1 \u00e0 9 passagers &#8211; enfants compris<\/p>\n<p>Comprenant la location du bateau \/ Le Skipper \/ Le carburant<\/p>\n<p>Trajet Aller Retour Confluence &#8211; \u00eele Barbe + retour devant le mus\u00e9e des Confluences<\/p>[\/et_pb_pricing_table][et_pb_pricing_table featured=\u00a0\u00bbon\u00a0\u00bb title=\u00a0\u00bb3H\u00a0\u00bb subtitle=\u00a0\u00bbA\/R Confluence \u00eele Barbe + \u00eele Roy + mus\u00e9e des Confluences\u00a0\u00bb currency=\u00a0\u00bb\u20acTTC\u00a0\u00bb sum=\u00a0\u00bb500&Prime; _builder_version=\u00a0\u00bb4.14.7&Prime; _module_preset=\u00a0\u00bbdefault\u00a0\u00bb global_colors_info=\u00a0\u00bb{}\u00a0\u00bb sticky_transition=\u00a0\u00bbon\u00a0\u00bb]<p>Tarif pour un d\u00e9part et retour de Lyon<\/p>\n<p>De 1 \u00e0 9 passagers &#8211; enfants compris<\/p>\n<p>Comprenant la location du bateau \/ Le Skipper \/ Le carburant<\/p>\n<p>Trajet Aller Retour Confluence &#8211; \u00eele Barbe + \u00eele Roy + mus\u00e9e des Confluences &#8211; Possibilit\u00e9 d&rsquo;adapter et d&rsquo;aller sur le Rh\u00f4ne voir l&rsquo;h\u00f4tel Dieu<\/p>[\/et_pb_pricing_table][et_pb_pricing_table featured=\u00a0\u00bbon\u00a0\u00bb title=\u00a0\u00bb8H\u00a0\u00bb subtitle=\u00a0\u00bbSur mesure Rh\u00f4ne Sa\u00f4ne \/  d\u00e9pose et retour au restaurant                                                 \u00a0\u00bb currency=\u00a0\u00bb\u20acTTC\u00a0\u00bb sum=\u00a0\u00bb850&Prime; _builder_version=\u00a0\u00bb4.14.7&Prime; _module_preset=\u00a0\u00bbdefault\u00a0\u00bb global_colors_info=\u00a0\u00bb{}\u00a0\u00bb sticky_transition=\u00a0\u00bbon\u00a0\u00bb]<p>Pose et d\u00e9pose \u00e0 plusieurs points possibles<\/p>\n<p>DE 1 \u00e0 9 passagers &#8211; enfants compris<\/p>\n<p>Comprenant la location du bateau \/ Le Skipper \/ Le carburant<\/p>\n<p>Possibilit\u00e9 de passage d&rsquo;\u00e9cluse<\/p>\n<p>Trajet sur mesure, possibilit\u00e9 de d\u00e9pose et retour du restaurant de votre choix<\/p>[\/et_pb_pricing_table][\/et_pb_pricing_tables][\/et_pb_column][\/et_pb_row][\/et_pb_section][et_pb_section fb_built=\u00a0\u00bb1&Prime; specialty=\u00a0\u00bbon\u00a0\u00bb _builder_version=\u00a0\u00bb4.14.7&Prime; _module_preset=\u00a0\u00bbdefault\u00a0\u00bb global_colors_info=\u00a0\u00bb{}\u00a0\u00bb][et_pb_column type=\u00a0\u00bb1_2&Prime; specialty_columns=\u00a0\u00bb2&Prime; _builder_version=\u00a0\u00bb3.25&Prime; custom_padding=\u00a0\u00bb|||\u00a0\u00bb global_colors_info=\u00a0\u00bb{}\u00a0\u00bb custom_padding__hover=\u00a0\u00bb|||\u00a0\u00bb][et_pb_row_inner _builder_version=\u00a0\u00bb4.14.7&Prime; _module_preset=\u00a0\u00bbdefault\u00a0\u00bb global_colors_info=\u00a0\u00bb{}\u00a0\u00bb][et_pb_column_inner saved_specialty_column_type=\u00a0\u00bb1_2&Prime; _builder_version=\u00a0\u00bb4.14.7&Prime; _module_preset=\u00a0\u00bbdefault\u00a0\u00bb global_colors_info=\u00a0\u00bb{}\u00a0\u00bb][et_pb_button button_url=\u00a0\u00bbhttps:\/\/shop.nauticmanager.com\/cap-confluent\/search\u00a0\u00bb button_text=\u00a0\u00bbR\u00e9servation en ligne\u00a0\u00bb _builder_version=\u00a0\u00bb4.14.7&Prime; _module_preset=\u00a0\u00bbdefault\u00a0\u00bb box_shadow_style=\u00a0\u00bbpreset6&Prime; box_shadow_color=\u00a0\u00bb#113158&Prime; global_colors_info=\u00a0\u00bb{}\u00a0\u00bb][\/et_pb_button][\/et_pb_column_inner][\/et_pb_row_inner][\/et_pb_column][et_pb_column type=\u00a0\u00bb1_2&Prime; _builder_version=\u00a0\u00bb3.25&Prime; custom_padding=\u00a0\u00bb|||\u00a0\u00bb global_colors_info=\u00a0\u00bb{}\u00a0\u00bb custom_padding__hover=\u00a0\u00bb|||\u00a0\u00bb][et_pb_gallery gallery_ids=\u00a0\u00bb1175,1172,1169,1159,1153,1152,1138,1136,1133,1140,1131,1132&Prime; posts_number=\u00a0\u00bb15&Prime; show_title_and_caption=\u00a0\u00bboff\u00a0\u00bb _builder_version=\u00a0\u00bb4.14.7&Prime; _module_preset=\u00a0\u00bbdefault\u00a0\u00bb hover_enabled=\u00a0\u00bb0&Prime; global_colors_info=\u00a0\u00bb{}\u00a0\u00bb sticky_enabled=\u00a0\u00bb0&Prime;][\/et_pb_gallery][\/et_pb_column][\/et_pb_section]","protected":false},"excerpt":{"rendered":"<p>&#8211; De 1 \u00e0 9 passagers (enfants compris) Montez \u00e0 bord de notre magnifique bateau enti\u00e8rement privatis\u00e9 pour vous.Vous profiterez d\u2019un grand confort et des commentaires sur la ville et ses secretsde la part de notre skipper.Votre r\u00e9servation est une demande de r\u00e9servation, qui sera valid\u00e9e ou nondans les 24h selon les disponibilit\u00e9s de nos [&hellip;]<\/p>","protected":false},"author":1,"featured_media":0,"parent":0,"menu_order":0,"comment_status":"closed","ping_status":"closed","template":"","meta":{"_et_pb_use_builder":"on","_et_pb_old_content":"","_et_gb_content_width":"","inline_featured_image":false,"footnotes":""},"class_list":["post-1048","page","type-page","status-publish","hentry"],"_links":{"self":[{"href":"https:\/\/cap-confluent.com\/en\/wp-json\/wp\/v2\/pages\/1048","targetHints":{"allow":["GET"]}}],"collection":[{"href":"https:\/\/cap-confluent.com\/en\/wp-json\/wp\/v2\/pages"}],"about":[{"href":"https:\/\/cap-confluent.com\/en\/wp-json\/wp\/v2\/types\/page"}],"author":[{"embeddable":true,"href":"https:\/\/cap-confluent.com\/en\/wp-json\/wp\/v2\/users\/1"}],"replies":[{"embeddable":true,"href":"https:\/\/cap-confluent.com\/en\/wp-json\/wp\/v2\/comments?post=1048"}],"version-history":[{"count":15,"href":"https:\/\/cap-confluent.com\/en\/wp-json\/wp\/v2\/pages\/1048\/revisions"}],"predecessor-version":[{"id":1200,"href":"https:\/\/cap-confluent.com\/en\/wp-json\/wp\/v2\/pages\/1048\/revisions\/1200"}],"wp:attachment":[{"href":"https:\/\/cap-confluent.com\/en\/wp-json\/wp\/v2\/media?parent=1048"}],"curies":[{"name":"wp","href":"https:\/\/api.w.org\/{rel}","templated":true}]}}